{"id":24,"date":"2019-04-22T16:46:42","date_gmt":"2019-04-22T14:46:42","guid":{"rendered":"http:\/\/fairkleidet.at\/new\/?page_id=24"},"modified":"2024-11-10T18:23:51","modified_gmt":"2024-11-10T17:23:51","slug":"about","status":"publish","type":"page","link":"http:\/\/fairkleidet.at\/?page_id=24","title":{"rendered":"Wie du uns findest"},"content":{"rendered":"\n<p><strong>FairKleidet<\/strong><br>Leopoldstra\u00dfe 14<br>3400 Klosterneuburg<br>\u00d6sterreich<\/p>\n\n\n\n<h3 class=\"wp-block-heading\">Wegbeschreibung:<\/h3>\n\n\n\n<p><strong>\u00d6ffentlich: <\/strong><\/p>\n\n\n\n<ul class=\"wp-block-list\">\n<li>Mit dem Bus 400 bis zur Station Stiftsgarten und dann 7 Minuten \u00fcber die Pater-Abel-Stra\u00dfe in die Leopoldsstra\u00dfe<\/li>\n\n\n\n<li>Die Klosterneuburger Stadtbusse 1 und 2 bleiben bei der Station Roman-Scholz-Platz stehen. Die Busstation ist fast direkt vor dem Gesch\u00e4ft<\/li>\n\n\n\n<li>Mit dem Zug steigt man bei Kierling-Bahnhof aus und geht etwa 12 Minuten \u00fcber die Hundskehle und den Klosterneuburger Rathausplatz<\/li>\n<\/ul>\n\n\n\n<p><strong>Mit dem Auto: <\/strong><\/p>\n\n\n\n<p>Vor dem Gesch\u00e4ft finden sich drei \u00f6ffentliche Parkpl\u00e4tze. Mehr Parkpl\u00e4tze findest du am Rathausplatz, der etwa 3 Gehminuten entfernt ist. <br>Dar\u00fcber hinaus gibt es Parkm\u00f6glichkeiten im Parkhaus in der Hundskehle. Von dort sind es etwa 10 Minuten zu Fu\u00df oder 2 Minuten mit dem Stadtbus. <\/p>\n\n\n\n<iframe src=\"https:\/\/www.google.com\/maps\/embed?pb=!1m18!1m12!1m3!1d867.922933396634!2d16.32521877031633!3d48.3038986019214!2m3!1f0!2f0!3f0!3m2!1i1024!2i768!4f13.1!3m3!1m2!1s0x476d0f1ea7037e1f%3A0x4d0738dd1054ff5e!2sFairkleidet!5e0!3m2!1sde!2sat!4v1731259035701!5m2!1sde!2sat\" width=\"600\" height=\"450\" style=\"border:0;\" allowfullscreen=\"\" loading=\"lazy\" referrerpolicy=\"no-referrer-when-downgrade\"><\/iframe>\n\n\n\n<div class=\"wp-block-columns has-3-columns fairarbeitet is-layout-flex wp-container-core-columns-is-layout-28f84493 wp-block-columns-is-layout-flex\">\n<div class=\"wp-block-column is-layout-flow wp-block-column-is-layout-flow\">\n<h2 class=\"wp-block-heading has-text-align-center\">Frauen<\/h2>\n\n\n\n<figure class=\"wp-block-image aligncenter size-full is-resized gewand\"><img data-recalc-dims=\"1\" loading=\"lazy\" decoding=\"async\" width=\"223\" height=\"226\" src=\"https:\/\/i0.wp.com\/fairkleidet.at\/wp-content\/uploads\/2019\/04\/Kleid.png?resize=223%2C226\" alt=\"\" class=\"wp-image-32\" style=\"width:167px;height:170px\"\/><\/figure>\n\n\n\n<p class=\"has-text-align-center\">Bei der Damenmode lege ich <br>\nWert auf komfortable Eleganz.<br>\nL\u00e4ssige Kleider und individuelle <br>\nEinzelst\u00fccke finden sich ebenso <br>\nim Sortiment wie sportliche Basisbekleidung.<\/p>\n<\/div>\n\n\n\n<div class=\"wp-block-column is-layout-flow wp-block-column-is-layout-flow\">\n<h2 class=\"wp-block-heading has-text-align-center\">Kinder<\/h2>\n\n\n\n<figure class=\"wp-block-image aligncenter size-full is-resized gewand\"><img data-recalc-dims=\"1\" loading=\"lazy\" decoding=\"async\" width=\"226\" height=\"177\" src=\"https:\/\/i0.wp.com\/fairkleidet.at\/wp-content\/uploads\/2019\/04\/Kappe.png?resize=226%2C177\" alt=\"\" class=\"wp-image-31\" style=\"width:170px;height:133px\"\/><\/figure>\n\n\n\n<p class=\"has-text-align-center\">Die Gesundheit der Kinder liegt <br> mir am Herzen. Die praktische <br> Baby- und Kinderbekleidung ist <br> aus Bio-Baumwolle gefertigt. <\/p>\n<\/div>\n\n\n\n<div class=\"wp-block-column is-layout-flow wp-block-column-is-layout-flow\">\n<h2 class=\"wp-block-heading has-text-align-center\">Herren<\/h2>\n\n\n\n<figure class=\"wp-block-image aligncenter size-full is-resized gewand\"><img data-recalc-dims=\"1\" loading=\"lazy\" decoding=\"async\" width=\"136\" height=\"225\" src=\"https:\/\/i0.wp.com\/fairkleidet.at\/wp-content\/uploads\/2019\/04\/Hose.png?resize=136%2C225\" alt=\"\" class=\"wp-image-30\" style=\"width:102px;height:169px\"\/><\/figure>\n\n\n\n<p class=\"has-text-align-center\">Qualit\u00e4t ist mir ein besonderes <br>\nAnliegen. Deshalb gibt es f\u00fcr <br>\nHerren Mode in schlichten und <br>\neleganten Designs, wie auch pfiffige <br>\nT-Shirts aus hochwertigen Materialien.<\/p>\n<\/div>\n<\/div>\n\n\n\n<h2 class=\"wp-block-heading has-text-align-center\">fairarbeitete Materialien<\/h2>\n\n\n\n<div class=\"wp-block-columns has-3-columns Materialien is-layout-flex wp-container-core-columns-is-layout-28f84493 wp-block-columns-is-layout-flex\">\n<div class=\"wp-block-column is-layout-flow wp-block-column-is-layout-flow\">\n<figure class=\"wp-block-image aligncenter\"><img data-recalc-dims=\"1\" loading=\"lazy\" decoding=\"async\" width=\"300\" height=\"200\" src=\"https:\/\/i0.wp.com\/fairkleidet.at\/wp-content\/uploads\/2019\/04\/Wolle.jpg?resize=300%2C200\" alt=\"\" class=\"wp-image-37\"\/><figcaption class=\"wp-element-caption\"><strong>Baumwolle<\/strong> ist wohl die beliebteste Faser f\u00fcr Bekleidung. Von der Unterw\u00e4sche \u00fcber leichte Blusen zur robusten Jeans oder Jacke wird Baumwolle verarbeitet. Der Unterschied von Bio-Baumwolle zur konventoinellen Baumwolle:  Kein Einsatz von Pestiziden und Herbiziden am Feld Vorrangig Bew\u00e4sserung mit Regenwasser Keine bedenklichen Chemikalien, umweltschonende Weiterverarbeitung zertifizierte ungiftige Farben  das alles unter fairen Arbeitsbedingungen<\/figcaption><\/figure>\n<\/div>\n\n\n\n<div class=\"wp-block-column is-layout-flow wp-block-column-is-layout-flow\">\n<figure class=\"wp-block-image aligncenter\"><img data-recalc-dims=\"1\" loading=\"lazy\" decoding=\"async\" width=\"300\" height=\"200\" src=\"https:\/\/i0.wp.com\/fairkleidet.at\/wp-content\/uploads\/2019\/04\/Hanf.jpg?resize=300%2C200\" alt=\"\" class=\"wp-image-35\"\/><figcaption class=\"wp-element-caption\"><strong>Hanf<\/strong> ist eine der \u00e4ltesten Nutzpflanzen zur Fasergewinnung, als Nahrungsmittel und Arzneipflanze. Die Pflanze w\u00e4chst schnell auch ohne D\u00fcnger, ist robust und widerstandsf\u00e4hig, kaum anf\u00e4llig f\u00fcr Krankheiten und Sch\u00e4dlinge. Dadurch eignet sie sich sehr gut f\u00fcr den \u00f6kologischen Landbau. Au\u00dferdem gilt Hanf als Bodenverbesserer. Nahezu die ganze Pflanze kann genutzt werden. Der Gro\u00dfteil unserer Hanffasern kommt aus China. Nat\u00fcrlich wird auch hier auf faire Anbau- und Arbeitsbedingungen geachtet. <\/figcaption><\/figure>\n\n\n\n<p><\/p>\n<\/div>\n\n\n\n<div class=\"wp-block-column is-layout-flow wp-block-column-is-layout-flow\">\n<figure class=\"wp-block-image aligncenter\"><img data-recalc-dims=\"1\" loading=\"lazy\" decoding=\"async\" width=\"300\" height=\"200\" src=\"https:\/\/i0.wp.com\/fairkleidet.at\/wp-content\/uploads\/2019\/07\/Tengel_shade.png?resize=300%2C200\" alt=\"\" class=\"wp-image-2095\"\/><figcaption class=\"wp-element-caption\"><strong>TENCEL\u00b0<\/strong> ist die umweltfreundliche Viskose. Hergestellt aus Eukalyptus aus nachhaltig bewirtschafteter Forstwirtschaft. Die Firma Lenzing hat ein umweltfreundliches Verfahren entwickelt in dem in einem Kreislaufsystem die eingesetzten Chemikalien und Wasser wieder aufgefangen und zur\u00fcckgewonnen werden.  Tencel ist wunderbar weich auf der Haut, atmungsaktiv und antibakteriell. Man kann wundersch\u00f6ne seidig-flie\u00dfende Stoffe daraus erzeugen, die am Ende sogar biologisch abbaubar sind.<\/figcaption><\/figure>\n<\/div>\n<\/div>\n\n\n\n<div class=\"wp-block-columns has-3-columns is-layout-flex wp-container-core-columns-is-layout-28f84493 wp-block-columns-is-layout-flex\">\n<div class=\"wp-block-column is-layout-flow wp-block-column-is-layout-flow\">\n<figure class=\"wp-block-image aligncenter\"><img data-recalc-dims=\"1\" loading=\"lazy\" decoding=\"async\" width=\"402\" height=\"382\" src=\"https:\/\/i0.wp.com\/fairkleidet.at\/wp-content\/uploads\/2019\/04\/Esel-Blau-Gross.png?resize=402%2C382\" alt=\"\" class=\"wp-image-7\" srcset=\"https:\/\/i0.wp.com\/fairkleidet.at\/wp-content\/uploads\/2019\/04\/Esel-Blau-Gross.png?w=402 402w, https:\/\/i0.wp.com\/fairkleidet.at\/wp-content\/uploads\/2019\/04\/Esel-Blau-Gross.png?resize=300%2C285 300w\" sizes=\"auto, (max-width: 402px) 100vw, 402px\" \/><\/figure>\n<\/div>\n\n\n\n<div class=\"wp-block-column is-layout-flow wp-block-column-is-layout-flow\">\n<figure class=\"wp-block-image aligncenter\"><img data-recalc-dims=\"1\" loading=\"lazy\" decoding=\"async\" width=\"300\" height=\"200\" src=\"https:\/\/i0.wp.com\/fairkleidet.at\/wp-content\/uploads\/2019\/04\/RECYCLETES-POLYESTER-159954350.jpg?resize=300%2C200\" alt=\"\" class=\"wp-image-36\"\/><figcaption class=\"wp-element-caption\"><strong>RECYCLETES POLYESTER <\/strong>Besonders bei Jacken die vor Wind und Regen sch\u00fctzen sollen, kommt Polyester zum Einsatz. Unsere Labels verwenden hier ausschlie\u00dflich recycletes Polyester. Das ist nat\u00fcrlich ressourcenschonender denn zur Gewinnung von Polyester ben\u00f6tigt man Roh\u00f6l. Recycletes Polyester gewinnt man haupts\u00e4chlich aus PET Trinkflaschen. <\/figcaption><\/figure>\n\n\n\n<p><\/p>\n<\/div>\n\n\n\n<div class=\"wp-block-column is-layout-flow wp-block-column-is-layout-flow\">\n<figure class=\"wp-block-image aligncenter\"><img data-recalc-dims=\"1\" loading=\"lazy\" decoding=\"async\" width=\"203\" height=\"200\" src=\"https:\/\/i0.wp.com\/fairkleidet.at\/wp-content\/uploads\/2019\/07\/Wolle_shade.png?resize=203%2C200\" alt=\"\" class=\"wp-image-2096\"\/><figcaption class=\"wp-element-caption\"><strong>Wolle<\/strong> ist einfach genial. Wolle w\u00e4rmt uns bei kaltem Wetter, sie k\u00fchlt aber auch bei W\u00e4rme. Wolle nimmt Feuchtigkeit auf und f\u00fchlt sich dabei nicht feucht an, ist atmungsaktiv und schmutzabweisend. Um Knitterfalten oder auch Ger\u00fcche zu beseitigen, gen\u00fcgt es das Kleidungsst\u00fcck zum L\u00fcften aufzuh\u00e4ngen. H\u00e4ufiges waschen ist nicht zu empfehlen und auch nicht n\u00f6tig. Nat\u00fcrlich achten wir bei Wolle auf tierfreundliche Bedingungen. Bio-Wolle kommt von biozertifizierten Farmen. Es werden keine Pestizide eingesetzt und nat\u00fcrlich gibt es auch kein mulesing.<\/figcaption><\/figure>\n<\/div>\n<\/div>\n\n\n\n<h4 class=\"wp-block-heading\">Anerkannte und unabh\u00e4ngige Siegel wie GOTS, Fair Trade, IVN helfen mir bei der Auswahl der Kleidung. <\/h4>\n\n\n\n<div class=\"wp-block-columns is-layout-flex wp-container-core-columns-is-layout-28f84493 wp-block-columns-is-layout-flex\">\n<div class=\"wp-block-column is-layout-flow wp-block-column-is-layout-flow\">\n<figure class=\"wp-block-image aligncenter size-large\"><img data-recalc-dims=\"1\" loading=\"lazy\" decoding=\"async\" width=\"95\" height=\"80\" src=\"https:\/\/i0.wp.com\/fairkleidet.at\/wp-content\/uploads\/2019\/05\/ivn-300x252-1.jpg?resize=95%2C80\" alt=\"\" class=\"wp-image-1901\"\/><\/figure>\n<\/div>\n\n\n\n<div class=\"wp-block-column is-layout-flow wp-block-column-is-layout-flow\">\n<figure class=\"wp-block-image aligncenter size-large\"><img data-recalc-dims=\"1\" loading=\"lazy\" decoding=\"async\" width=\"80\" height=\"96\" src=\"https:\/\/i0.wp.com\/fairkleidet.at\/wp-content\/uploads\/2019\/05\/fairTradeLogo-e1559552722753.png?resize=80%2C96\" alt=\"\" class=\"wp-image-1902\"\/><\/figure>\n<\/div>\n\n\n\n<div class=\"wp-block-column is-layout-flow wp-block-column-is-layout-flow\">\n<figure class=\"wp-block-image aligncenter size-large\"><img data-recalc-dims=\"1\" loading=\"lazy\" decoding=\"async\" width=\"80\" height=\"80\" src=\"https:\/\/i0.wp.com\/fairkleidet.at\/wp-content\/uploads\/2019\/05\/pngkey.com-ganesh-symbol-png-2564094-2.png?resize=80%2C80\" alt=\"\" class=\"wp-image-1900\"\/><\/figure>\n<\/div>\n<\/div>\n\n\n\n<p><\/p>\n","protected":false},"excerpt":{"rendered":"<p>FairKleidetLeopoldstra\u00dfe 143400 Klosterneuburg\u00d6sterreich Wegbeschreibung: \u00d6ffentlich: Mit dem Auto: Vor dem Gesch\u00e4ft finden sich drei \u00f6ffentliche Parkpl\u00e4tze. Mehr Parkpl\u00e4tze findest du am Rathausplatz, der etwa 3 Gehminuten entfernt ist. Dar\u00fcber hinaus gibt es Parkm\u00f6glichkeiten im Parkhaus in der Hundskehle. Von dort sind es etwa 10 Minuten zu Fu\u00df oder 2 Minuten mit dem Stadtbus. Frauen Bei [&hellip;]<\/p>\n","protected":false},"author":1,"featured_media":0,"parent":0,"menu_order":5,"comment_status":"closed","ping_status":"closed","template":"","meta":{"site-sidebar-layout":"default","site-content-layout":"","ast-site-content-layout":"","site-content-style":"default","site-sidebar-style":"default","ast-global-header-display":"","ast-banner-title-visibility":"","ast-main-header-display":"","ast-hfb-above-header-display":"","ast-hfb-below-header-display":"","ast-hfb-mobile-header-display":"","site-post-title":"","ast-breadcrumbs-content":"","ast-featured-img":"","footer-sml-layout":"","theme-transparent-header-meta":"","adv-header-id-meta":"","stick-header-meta":"","header-above-stick-meta":"","header-main-stick-meta":"","header-below-stick-meta":"","astra-migrate-meta-layouts":"default","ast-page-background-enabled":"default","ast-page-background-meta":{"desktop":{"background-color":"var(--ast-global-color-4)","background-image":"","background-repeat":"repeat","background-position":"center center","background-size":"auto","background-attachment":"scroll","background-type":"","background-media":"","overlay-type":"","overlay-color":"","overlay-opacity":"","overlay-gradient":""},"tablet":{"background-color":"","background-image":"","background-repeat":"repeat","background-position":"center center","background-size":"auto","background-attachment":"scroll","background-type":"","background-media":"","overlay-type":"","overlay-color":"","overlay-opacity":"","overlay-gradient":""},"mobile":{"background-color":"","background-image":"","background-repeat":"repeat","background-position":"center center","background-size":"auto","background-attachment":"scroll","background-type":"","background-media":"","overlay-type":"","overlay-color":"","overlay-opacity":"","overlay-gradient":""}},"ast-content-background-meta":{"desktop":{"background-color":"var(--ast-global-color-5)","background-image":"","background-repeat":"repeat","background-position":"center center","background-size":"auto","background-attachment":"scroll","background-type":"","background-media":"","overlay-type":"","overlay-color":"","overlay-opacity":"","overlay-gradient":""},"tablet":{"background-color":"var(--ast-global-color-5)","background-image":"","background-repeat":"repeat","background-position":"center center","background-size":"auto","background-attachment":"scroll","background-type":"","background-media":"","overlay-type":"","overlay-color":"","overlay-opacity":"","overlay-gradient":""},"mobile":{"background-color":"var(--ast-global-color-5)","background-image":"","background-repeat":"repeat","background-position":"center center","background-size":"auto","background-attachment":"scroll","background-type":"","background-media":"","overlay-type":"","overlay-color":"","overlay-opacity":"","overlay-gradient":""}},"jetpack_post_was_ever_published":false,"footnotes":""},"class_list":["post-24","page","type-page","status-publish","hentry"],"jetpack_sharing_enabled":true,"jetpack_shortlink":"https:\/\/wp.me\/PaVN39-o","_links":{"self":[{"href":"http:\/\/fairkleidet.at\/index.php?rest_route=\/wp\/v2\/pages\/24","targetHints":{"allow":["GET"]}}],"collection":[{"href":"http:\/\/fairkleidet.at\/index.php?rest_route=\/wp\/v2\/pages"}],"about":[{"href":"http:\/\/fairkleidet.at\/index.php?rest_route=\/wp\/v2\/types\/page"}],"author":[{"embeddable":true,"href":"http:\/\/fairkleidet.at\/index.php?rest_route=\/wp\/v2\/users\/1"}],"replies":[{"embeddable":true,"href":"http:\/\/fairkleidet.at\/index.php?rest_route=%2Fwp%2Fv2%2Fcomments&post=24"}],"version-history":[{"count":82,"href":"http:\/\/fairkleidet.at\/index.php?rest_route=\/wp\/v2\/pages\/24\/revisions"}],"predecessor-version":[{"id":2828,"href":"http:\/\/fairkleidet.at\/index.php?rest_route=\/wp\/v2\/pages\/24\/revisions\/2828"}],"wp:attachment":[{"href":"http:\/\/fairkleidet.at\/index.php?rest_route=%2Fwp%2Fv2%2Fmedia&parent=24"}],"curies":[{"name":"wp","href":"https:\/\/api.w.org\/{rel}","templated":true}]}}